{"id":63,"date":"2025-06-26T08:25:36","date_gmt":"2025-06-26T00:25:36","guid":{"rendered":"https:\/\/lanxinrobotics.com\/?page_id=63"},"modified":"2026-04-13T11:54:27","modified_gmt":"2026-04-13T03:54:27","slug":"losung","status":"publish","type":"page","link":"https:\/\/www.lanxinrobotics.com\/de\/losung\/","title":{"rendered":"L\u00f6sungen"},"content":{"rendered":"<div data-elementor-type=\"wp-page\" data-elementor-id=\"63\" class=\"elementor elementor-63\" data-elementor-post-type=\"page\">\n\t\t\t\t<div class=\"elementor-element elementor-element-61fd0e4 e-flex e-con-boxed e-con e-parent\" data-id=\"61fd0e4\" data-element_type=\"container\" data-settings=\"{&quot;background_background&quot;:&quot;classic&quot;}\">\n\t\t\t\t\t<div class=\"e-con-inner\">\n\t\t\t\t<div class=\"elementor-element elementor-element-9de81f4 elementor-widget elementor-widget-heading\" data-id=\"9de81f4\" data-element_type=\"widget\" data-widget_type=\"heading.default\">\n\t\t\t\t\t<h1 class=\"elementor-heading-title elementor-size-default\">Industrielle L\u00f6sungen<\/h1>\t\t\t\t<\/div>\n\t\t\t\t<div class=\"elementor-element elementor-element-1c6599d elementor-widget__width-initial elementor-widget-tablet__width-initial elementor-widget elementor-widget-heading\" data-id=\"1c6599d\" data-element_type=\"widget\" data-widget_type=\"heading.default\">\n\t\t\t\t\t<div class=\"elementor-heading-title elementor-size-default\">LANXIN bietet umfassende intelligente Logistikl\u00f6sungen \u2013 von Einzelger\u00e4ten bis hin zu integrierten Systemen \u2013 f\u00fcr verschiedene Branchen und unterst\u00fctzt Hersteller beim Aufbau digitaler und flexibler Smart Factories.<\/div>\t\t\t\t<\/div>\n\t\t\t\t<div class=\"elementor-element elementor-element-37bbf5a elementor-widget elementor-widget-button\" data-id=\"37bbf5a\" data-element_type=\"widget\" data-widget_type=\"button.default\">\n\t\t\t\t\t\t\t\t\t\t<a class=\"elementor-button elementor-button-link elementor-size-sm\" href=\"https:\/\/www.lanxinrobotics.com\/de\/contact\/\">\n\t\t\t\t\t\t<span class=\"elementor-button-content-wrapper\">\n\t\t\t\t\t\t<span class=\"elementor-button-icon\">\n\t\t\t\t<svg aria-hidden=\"true\" class=\"e-font-icon-svg e-fas-arrow-right\" viewbox=\"0 0 448 512\" xmlns=\"http:\/\/www.w3.org\/2000\/svg\"><path d=\"M190.5 66.9l22.2-22.2c9.4-9.4 24.6-9.4 33.9 0L441 239c9.4 9.4 9.4 24.6 0 33.9L246.6 467.3c-9.4 9.4-24.6 9.4-33.9 0l-22.2-22.2c-9.5-9.5-9.3-25 .4-34.3L311.4 296H24c-13.3 0-24-10.7-24-24v-32c0-13.3 10.7-24 24-24h287.4L190.9 101.2c-9.8-9.3-10-24.8-.4-34.3z\"><\/path><\/svg>\t\t\t<\/span>\n\t\t\t\t\t\t\t\t\t<span class=\"elementor-button-text\">KONTAKT AUFNEHMEN<\/span>\n\t\t\t\t\t<\/span>\n\t\t\t\t\t<\/a>\n\t\t\t\t\t\t\t\t<\/div>\n\t\t\t\t\t<\/div>\n\t\t\t\t<\/div>\n\t\t<div class=\"elementor-element elementor-element-8f85c6f e-grid e-con-boxed e-con e-parent\" data-id=\"8f85c6f\" data-element_type=\"container\">\n\t\t\t\t\t<div class=\"e-con-inner\">\n\t\t\t\t<div class=\"elementor-element elementor-element-15eece1 elementor-cta--skin-cover elementor-cta--valign-middle elementor-animated-content elementor-widget elementor-widget-call-to-action\" data-id=\"15eece1\" data-element_type=\"widget\" data-widget_type=\"call-to-action.default\">\n\t\t\t\t\t\t\t<a class=\"elementor-cta\" href=\"https:\/\/www.lanxinrobotics.com\/de\/electrical-electronic-industry-solutions\/\">\n\t\t\t\t\t<div class=\"elementor-cta__bg-wrapper\">\n\t\t\t\t<div class=\"elementor-cta__bg elementor-bg\" style=\"background-image: url(https:\/\/www.lanxinrobotics.com\/wp-content\/uploads\/2026\/01\/pexels-pok-rie-33563-1432669-scaled.jpg);\" role=\"img\" aria-label=\"pexels-pok-rie-33563-1432669\"><\/div>\n\t\t\t\t<div class=\"elementor-cta__bg-overlay\"><\/div>\n\t\t\t<\/div>\n\t\t\t\t\t\t\t<div class=\"elementor-cta__content\">\n\t\t\t\t\n\t\t\t\t\t\t\t\t\t<h2 class=\"elementor-cta__title elementor-cta__content-item elementor-content-item elementor-animated-item--grow\">\n\t\t\t\t\t\t3C-L\u00f6sung f\u00fcr die Elektronikindustrie\t\t\t\t\t<\/h2>\n\t\t\t\t\n\t\t\t\t\n\t\t\t\t\t\t\t<\/div>\n\t\t\t\t\t\t<\/a>\n\t\t\t\t\t\t<\/div>\n\t\t\t\t<div class=\"elementor-element elementor-element-f84f9c3 elementor-cta--skin-cover elementor-cta--valign-middle elementor-animated-content elementor-widget elementor-widget-call-to-action\" data-id=\"f84f9c3\" data-element_type=\"widget\" data-widget_type=\"call-to-action.default\">\n\t\t\t\t\t\t\t<a class=\"elementor-cta\" href=\"https:\/\/www.lanxinrobotics.com\/de\/automotive-industry-solution\/\">\n\t\t\t\t\t<div class=\"elementor-cta__bg-wrapper\">\n\t\t\t\t<div class=\"elementor-cta__bg elementor-bg\" style=\"background-image: url(https:\/\/www.lanxinrobotics.com\/wp-content\/uploads\/2026\/01\/pexels-hyundaimotorgroup-19233057-scaled.jpg);\" role=\"img\" aria-label=\"pexels-hyundaimotorgroup-19233057\"><\/div>\n\t\t\t\t<div class=\"elementor-cta__bg-overlay\"><\/div>\n\t\t\t<\/div>\n\t\t\t\t\t\t\t<div class=\"elementor-cta__content\">\n\t\t\t\t\n\t\t\t\t\t\t\t\t\t<h2 class=\"elementor-cta__title elementor-cta__content-item elementor-content-item elementor-animated-item--grow\">\n\t\t\t\t\t\tL\u00f6sung f\u00fcr die Automobilindustrie\t\t\t\t\t<\/h2>\n\t\t\t\t\n\t\t\t\t\n\t\t\t\t\t\t\t<\/div>\n\t\t\t\t\t\t<\/a>\n\t\t\t\t\t\t<\/div>\n\t\t\t\t<div class=\"elementor-element elementor-element-542f8a3 elementor-cta--skin-cover elementor-cta--valign-middle elementor-animated-content elementor-widget elementor-widget-call-to-action\" data-id=\"542f8a3\" data-element_type=\"widget\" data-widget_type=\"call-to-action.default\">\n\t\t\t\t\t\t\t<a class=\"elementor-cta\" href=\"https:\/\/www.lanxinrobotics.com\/de\/battery-industry-solution\/\">\n\t\t\t\t\t<div class=\"elementor-cta__bg-wrapper\">\n\t\t\t\t<div class=\"elementor-cta__bg elementor-bg\" style=\"background-image: url(https:\/\/www.lanxinrobotics.com\/wp-content\/uploads\/2026\/01\/pexels-hilaryh-698485-scaled.jpg);\" role=\"img\" aria-label=\"Lanxin Batterie Industrielle L\u00f6sung\"><\/div>\n\t\t\t\t<div class=\"elementor-cta__bg-overlay\"><\/div>\n\t\t\t<\/div>\n\t\t\t\t\t\t\t<div class=\"elementor-cta__content\">\n\t\t\t\t\n\t\t\t\t\t\t\t\t\t<h2 class=\"elementor-cta__title elementor-cta__content-item elementor-content-item elementor-animated-item--grow\">\n\t\t\t\t\t\tNeue L\u00f6sungen f\u00fcr die Energiewirtschaft (Batterie\/Photovoltaik)\t\t\t\t\t<\/h2>\n\t\t\t\t\n\t\t\t\t\n\t\t\t\t\t\t\t<\/div>\n\t\t\t\t\t\t<\/a>\n\t\t\t\t\t\t<\/div>\n\t\t\t\t<div class=\"elementor-element elementor-element-0089f46 elementor-cta--skin-cover elementor-cta--valign-middle elementor-animated-content elementor-widget elementor-widget-call-to-action\" data-id=\"0089f46\" data-element_type=\"widget\" data-widget_type=\"call-to-action.default\">\n\t\t\t\t\t\t\t<a class=\"elementor-cta\" href=\"https:\/\/www.lanxinrobotics.com\/de\/packaging-general-solution\/\">\n\t\t\t\t\t<div class=\"elementor-cta__bg-wrapper\">\n\t\t\t\t<div class=\"elementor-cta__bg elementor-bg\" style=\"background-image: url(https:\/\/www.lanxinrobotics.com\/wp-content\/uploads\/2026\/01\/pexels-tiger-lily-4481326-scaled.jpg);\" role=\"img\" aria-label=\"Lanxin Verpackung Industrielle L\u00f6sung\"><\/div>\n\t\t\t\t<div class=\"elementor-cta__bg-overlay\"><\/div>\n\t\t\t<\/div>\n\t\t\t\t\t\t\t<div class=\"elementor-cta__content\">\n\t\t\t\t\n\t\t\t\t\t\t\t\t\t<h2 class=\"elementor-cta__title elementor-cta__content-item elementor-content-item elementor-animated-item--grow\">\n\t\t\t\t\t\tL\u00f6sungen f\u00fcr die Verpackungs- und Druckindustrie\t\t\t\t\t<\/h2>\n\t\t\t\t\n\t\t\t\t\n\t\t\t\t\t\t\t<\/div>\n\t\t\t\t\t\t<\/a>\n\t\t\t\t\t\t<\/div>\n\t\t\t\t\t<\/div>\n\t\t\t\t<\/div>\n\t\t\t\t<\/div>","protected":false},"excerpt":{"rendered":"<p>Industrial Solutions LANXIN provides comprehensive intelligent logistics solutions from equipment to systems for various industries, helping manufacturers build digital and flexible smart factories. CONTACT US 3C electronics industry solution Automotive industry solution New energy industry solution (battery\/photovoltaic) Packaging and printing industry solution<\/p>","protected":false},"author":1,"featured_media":3148,"parent":0,"menu_order":400,"comment_status":"closed","ping_status":"closed","template":"","meta":{"_acf_changed":false,"footnotes":""},"categories":[],"tags":[],"class_list":["post-63","page","type-page","status-publish","has-post-thumbnail","hentry"],"acf":[],"yoast_head":"<!-- This site is optimized with the Yoast SEO Premium plugin v26.2 (Yoast SEO v27.6) - https:\/\/yoast.com\/product\/yoast-seo-premium-wordpress\/ -->\n<title>Solution - Lanxin Robotics<\/title>\n<meta name=\"description\" content=\"LANXIN provides intelligent logistics solutions for all scenarios, integrating self-developed visual navigation and mobile robot technologies to help manufacturing companies achieve unmanned handling, flexible production, and efficient warehousing.\" \/>\n<meta name=\"robots\" content=\"index, follow, max-snippet:-1, max-image-preview:large, max-video-preview:-1\" \/>\n<link rel=\"canonical\" href=\"https:\/\/www.lanxinrobotics.com\/de\/losung\/\" \/>\n<meta property=\"og:locale\" content=\"de_DE\" \/>\n<meta property=\"og:type\" content=\"article\" \/>\n<meta property=\"og:title\" content=\"Solution\" \/>\n<meta property=\"og:description\" content=\"LANXIN provides intelligent logistics solutions for all scenarios, integrating self-developed visual navigation and mobile robot technologies to help manufacturing companies achieve unmanned handling, flexible production, and efficient warehousing.\" \/>\n<meta property=\"og:url\" content=\"https:\/\/www.lanxinrobotics.com\/de\/losung\/\" \/>\n<meta property=\"og:site_name\" content=\"Lanxin Robotics\" \/>\n<meta property=\"article:modified_time\" content=\"2026-04-13T03:54:27+00:00\" \/>\n<meta property=\"og:image\" content=\"https:\/\/www.lanxinrobotics.com\/wp-content\/uploads\/2025\/10\/\u65b0\u5efa-\u7a7a\u767d-\u753b\u9762-131.webp\" \/>\n\t<meta property=\"og:image:width\" content=\"1920\" \/>\n\t<meta property=\"og:image:height\" content=\"850\" \/>\n\t<meta property=\"og:image:type\" content=\"image\/webp\" \/>\n<meta name=\"twitter:card\" content=\"summary_large_image\" \/>\n<meta name=\"twitter:label1\" content=\"Gesch\u00e4tzte Lesezeit\" \/>\n\t<meta name=\"twitter:data1\" content=\"1\u00a0Minute\" \/>\n<script type=\"application\/ld+json\" class=\"yoast-schema-graph\">{\"@context\":\"https:\\\/\\\/schema.org\",\"@graph\":[{\"@type\":\"WebPage\",\"@id\":\"https:\\\/\\\/www.lanxinrobotics.com\\\/solution\\\/\",\"url\":\"https:\\\/\\\/www.lanxinrobotics.com\\\/solution\\\/\",\"name\":\"Solution - Lanxin Robotics\",\"isPartOf\":{\"@id\":\"https:\\\/\\\/www.lanxinrobotics.com\\\/#website\"},\"primaryImageOfPage\":{\"@id\":\"https:\\\/\\\/www.lanxinrobotics.com\\\/solution\\\/#primaryimage\"},\"image\":{\"@id\":\"https:\\\/\\\/www.lanxinrobotics.com\\\/solution\\\/#primaryimage\"},\"thumbnailUrl\":\"https:\\\/\\\/www.lanxinrobotics.com\\\/wp-content\\\/uploads\\\/2025\\\/10\\\/\u65b0\u5efa-\u7a7a\u767d-\u753b\u9762-131.webp\",\"datePublished\":\"2025-06-26T00:25:36+00:00\",\"dateModified\":\"2026-04-13T03:54:27+00:00\",\"description\":\"LANXIN provides intelligent logistics solutions for all scenarios, integrating self-developed visual navigation and mobile robot technologies to help manufacturing companies achieve unmanned handling, flexible production, and efficient warehousing.\",\"breadcrumb\":{\"@id\":\"https:\\\/\\\/www.lanxinrobotics.com\\\/solution\\\/#breadcrumb\"},\"inLanguage\":\"de\",\"potentialAction\":[{\"@type\":\"ReadAction\",\"target\":[\"https:\\\/\\\/www.lanxinrobotics.com\\\/solution\\\/\"]}]},{\"@type\":\"ImageObject\",\"inLanguage\":\"de\",\"@id\":\"https:\\\/\\\/www.lanxinrobotics.com\\\/solution\\\/#primaryimage\",\"url\":\"https:\\\/\\\/www.lanxinrobotics.com\\\/wp-content\\\/uploads\\\/2025\\\/10\\\/\u65b0\u5efa-\u7a7a\u767d-\u753b\u9762-131.webp\",\"contentUrl\":\"https:\\\/\\\/www.lanxinrobotics.com\\\/wp-content\\\/uploads\\\/2025\\\/10\\\/\u65b0\u5efa-\u7a7a\u767d-\u753b\u9762-131.webp\",\"width\":1920,\"height\":850,\"caption\":\"about LANXIN\"},{\"@type\":\"BreadcrumbList\",\"@id\":\"https:\\\/\\\/www.lanxinrobotics.com\\\/solution\\\/#breadcrumb\",\"itemListElement\":[{\"@type\":\"ListItem\",\"position\":1,\"name\":\"Home\",\"item\":\"https:\\\/\\\/www.lanxinrobotics.com\\\/\"},{\"@type\":\"ListItem\",\"position\":2,\"name\":\"Solution\"}]},{\"@type\":\"WebSite\",\"@id\":\"https:\\\/\\\/www.lanxinrobotics.com\\\/#website\",\"url\":\"https:\\\/\\\/www.lanxinrobotics.com\\\/\",\"name\":\"Lanxin Robotics\",\"description\":\"Visionary robots, to see, understand, and serve the world,\",\"publisher\":{\"@id\":\"https:\\\/\\\/www.lanxinrobotics.com\\\/#organization\"},\"potentialAction\":[{\"@type\":\"SearchAction\",\"target\":{\"@type\":\"EntryPoint\",\"urlTemplate\":\"https:\\\/\\\/www.lanxinrobotics.com\\\/?s={search_term_string}\"},\"query-input\":{\"@type\":\"PropertyValueSpecification\",\"valueRequired\":true,\"valueName\":\"search_term_string\"}}],\"inLanguage\":\"de\"},{\"@type\":[\"Organization\",\"Place\"],\"@id\":\"https:\\\/\\\/www.lanxinrobotics.com\\\/#organization\",\"name\":\"Lanxin Robotics\",\"url\":\"https:\\\/\\\/www.lanxinrobotics.com\\\/\",\"logo\":{\"@id\":\"https:\\\/\\\/www.lanxinrobotics.com\\\/solution\\\/#local-main-organization-logo\"},\"image\":{\"@id\":\"https:\\\/\\\/www.lanxinrobotics.com\\\/solution\\\/#local-main-organization-logo\"},\"telephone\":[],\"openingHoursSpecification\":[{\"@type\":\"OpeningHoursSpecification\",\"dayOfWeek\":[\"Monday\",\"Tuesday\",\"Wednesday\",\"Thursday\",\"Friday\",\"Saturday\",\"Sunday\"],\"opens\":\"09:00\",\"closes\":\"17:00\"}]},{\"@type\":\"ImageObject\",\"inLanguage\":\"de\",\"@id\":\"https:\\\/\\\/www.lanxinrobotics.com\\\/solution\\\/#local-main-organization-logo\",\"url\":\"https:\\\/\\\/www.lanxinrobotics.com\\\/wp-content\\\/uploads\\\/2025\\\/06\\\/LanxinLogo.svg\",\"contentUrl\":\"https:\\\/\\\/www.lanxinrobotics.com\\\/wp-content\\\/uploads\\\/2025\\\/06\\\/LanxinLogo.svg\",\"width\":496,\"height\":130,\"caption\":\"Lanxin Robotics\"}]}<\/script>\n<!-- \/ Yoast SEO Premium plugin. -->","yoast_head_json":{"title":"L\u00f6sung - Lanxin Robotics","description":"LANXIN bietet intelligente Logistikl\u00f6sungen f\u00fcr alle Szenarien und integriert selbst entwickelte visuelle Navigation und mobile Robotertechnologien, um Fertigungsunternehmen bei der unbemannten Handhabung, flexiblen Produktion und effizienten Lagerhaltung zu unterst\u00fctzen.","robots":{"index":"index","follow":"follow","max-snippet":"max-snippet:-1","max-image-preview":"max-image-preview:large","max-video-preview":"max-video-preview:-1"},"canonical":"https:\/\/www.lanxinrobotics.com\/de\/losung\/","og_locale":"de_DE","og_type":"article","og_title":"Solution","og_description":"LANXIN provides intelligent logistics solutions for all scenarios, integrating self-developed visual navigation and mobile robot technologies to help manufacturing companies achieve unmanned handling, flexible production, and efficient warehousing.","og_url":"https:\/\/www.lanxinrobotics.com\/de\/losung\/","og_site_name":"Lanxin Robotics","article_modified_time":"2026-04-13T03:54:27+00:00","og_image":[{"width":1920,"height":850,"url":"https:\/\/www.lanxinrobotics.com\/wp-content\/uploads\/2025\/10\/\u65b0\u5efa-\u7a7a\u767d-\u753b\u9762-131.webp","type":"image\/webp"}],"twitter_card":"summary_large_image","twitter_misc":{"Gesch\u00e4tzte Lesezeit":"1\u00a0Minute"},"schema":{"@context":"https:\/\/schema.org","@graph":[{"@type":"WebPage","@id":"https:\/\/www.lanxinrobotics.com\/solution\/","url":"https:\/\/www.lanxinrobotics.com\/solution\/","name":"L\u00f6sung - Lanxin Robotics","isPartOf":{"@id":"https:\/\/www.lanxinrobotics.com\/#website"},"primaryImageOfPage":{"@id":"https:\/\/www.lanxinrobotics.com\/solution\/#primaryimage"},"image":{"@id":"https:\/\/www.lanxinrobotics.com\/solution\/#primaryimage"},"thumbnailUrl":"https:\/\/www.lanxinrobotics.com\/wp-content\/uploads\/2025\/10\/\u65b0\u5efa-\u7a7a\u767d-\u753b\u9762-131.webp","datePublished":"2025-06-26T00:25:36+00:00","dateModified":"2026-04-13T03:54:27+00:00","description":"LANXIN bietet intelligente Logistikl\u00f6sungen f\u00fcr alle Szenarien und integriert selbst entwickelte visuelle Navigation und mobile Robotertechnologien, um Fertigungsunternehmen bei der unbemannten Handhabung, flexiblen Produktion und effizienten Lagerhaltung zu unterst\u00fctzen.","breadcrumb":{"@id":"https:\/\/www.lanxinrobotics.com\/solution\/#breadcrumb"},"inLanguage":"de","potentialAction":[{"@type":"ReadAction","target":["https:\/\/www.lanxinrobotics.com\/solution\/"]}]},{"@type":"ImageObject","inLanguage":"de","@id":"https:\/\/www.lanxinrobotics.com\/solution\/#primaryimage","url":"https:\/\/www.lanxinrobotics.com\/wp-content\/uploads\/2025\/10\/\u65b0\u5efa-\u7a7a\u767d-\u753b\u9762-131.webp","contentUrl":"https:\/\/www.lanxinrobotics.com\/wp-content\/uploads\/2025\/10\/\u65b0\u5efa-\u7a7a\u767d-\u753b\u9762-131.webp","width":1920,"height":850,"caption":"about LANXIN"},{"@type":"BreadcrumbList","@id":"https:\/\/www.lanxinrobotics.com\/solution\/#breadcrumb","itemListElement":[{"@type":"ListItem","position":1,"name":"Home","item":"https:\/\/www.lanxinrobotics.com\/"},{"@type":"ListItem","position":2,"name":"Solution"}]},{"@type":"WebSite","@id":"https:\/\/www.lanxinrobotics.com\/#website","url":"https:\/\/www.lanxinrobotics.com\/","name":"Lanxin Robotik","description":"Vision\u00e4re Roboter, um die Welt zu sehen, zu verstehen und ihr zu dienen,","publisher":{"@id":"https:\/\/www.lanxinrobotics.com\/#organization"},"potentialAction":[{"@type":"SearchAction","target":{"@type":"EntryPoint","urlTemplate":"https:\/\/www.lanxinrobotics.com\/?s={search_term_string}"},"query-input":{"@type":"PropertyValueSpecification","valueRequired":true,"valueName":"search_term_string"}}],"inLanguage":"de"},{"@type":["Organization","Place"],"@id":"https:\/\/www.lanxinrobotics.com\/#organization","name":"Lanxin Robotik","url":"https:\/\/www.lanxinrobotics.com\/","logo":{"@id":"https:\/\/www.lanxinrobotics.com\/solution\/#local-main-organization-logo"},"image":{"@id":"https:\/\/www.lanxinrobotics.com\/solution\/#local-main-organization-logo"},"telephone":[],"openingHoursSpecification":[{"@type":"OpeningHoursSpecification","dayOfWeek":["Monday","Tuesday","Wednesday","Thursday","Friday","Saturday","Sunday"],"opens":"09:00","closes":"17:00"}]},{"@type":"ImageObject","inLanguage":"de","@id":"https:\/\/www.lanxinrobotics.com\/solution\/#local-main-organization-logo","url":"https:\/\/www.lanxinrobotics.com\/wp-content\/uploads\/2025\/06\/LanxinLogo.svg","contentUrl":"https:\/\/www.lanxinrobotics.com\/wp-content\/uploads\/2025\/06\/LanxinLogo.svg","width":496,"height":130,"caption":"Lanxin Robotics"}]}},"_links":{"self":[{"href":"https:\/\/www.lanxinrobotics.com\/de\/wp-json\/wp\/v2\/pages\/63","targetHints":{"allow":["GET"]}}],"collection":[{"href":"https:\/\/www.lanxinrobotics.com\/de\/wp-json\/wp\/v2\/pages"}],"about":[{"href":"https:\/\/www.lanxinrobotics.com\/de\/wp-json\/wp\/v2\/types\/page"}],"author":[{"embeddable":true,"href":"https:\/\/www.lanxinrobotics.com\/de\/wp-json\/wp\/v2\/users\/1"}],"replies":[{"embeddable":true,"href":"https:\/\/www.lanxinrobotics.com\/de\/wp-json\/wp\/v2\/comments?post=63"}],"version-history":[{"count":71,"href":"https:\/\/www.lanxinrobotics.com\/de\/wp-json\/wp\/v2\/pages\/63\/revisions"}],"predecessor-version":[{"id":4286,"href":"https:\/\/www.lanxinrobotics.com\/de\/wp-json\/wp\/v2\/pages\/63\/revisions\/4286"}],"wp:featuredmedia":[{"embeddable":true,"href":"https:\/\/www.lanxinrobotics.com\/de\/wp-json\/wp\/v2\/media\/3148"}],"wp:attachment":[{"href":"https:\/\/www.lanxinrobotics.com\/de\/wp-json\/wp\/v2\/media?parent=63"}],"wp:term":[{"taxonomy":"category","embeddable":true,"href":"https:\/\/www.lanxinrobotics.com\/de\/wp-json\/wp\/v2\/categories?post=63"},{"taxonomy":"post_tag","embeddable":true,"href":"https:\/\/www.lanxinrobotics.com\/de\/wp-json\/wp\/v2\/tags?post=63"}],"curies":[{"name":"wp","href":"https:\/\/api.w.org\/{rel}","templated":true}]}}